{"id":97,"date":"2022-07-10T16:59:48","date_gmt":"2022-07-10T14:59:48","guid":{"rendered":"http:\/\/www.laurence-magnetisme.fr\/?page_id=97"},"modified":"2022-07-10T17:02:14","modified_gmt":"2022-07-10T15:02:14","slug":"shiatsu","status":"publish","type":"page","link":"https:\/\/www.laurence-magnetisme.fr\/index.php\/soins\/shiatsu\/","title":{"rendered":"Shiatsu"},"content":{"rendered":"\n<p>D&rsquo;origine Japonaise. Etymologiquement le mot shiatsu vient de \u00ab\u00a0Shi\u00a0\u00bb les doigts et d&rsquo; \u00ab\u00a0Atsu\u00a0\u00bb la pression. Il est issu de l&rsquo;acuponcture. C\u2019est un travail sur les m\u00e9ridiens par acupressions. Le Shiatsu magn\u00e9tis\u00e9 permet de lutter efficacement contre tous les maux de la vie quotidienne. Il procure une relaxation physique et psychique profonde. Il conjugue pour cela harmonieusement le plaisir de recevoir au b\u00e9n\u00e9fice d&rsquo;un r\u00e9\u00e9quilibrage \u00e9nerg\u00e9tique complet.<\/p>\n\n\n\n<p><em>Ainsi, il aide par son approche globale \u00e0 :<\/em><\/p>\n\n\n\n<ul class=\"wp-block-list\"><li><em>Augmenter les niveaux d&rsquo;\u00e9nergie,<\/em><\/li><\/ul>\n\n\n\n<ul class=\"wp-block-list\"><li><em>Soulager l&rsquo;angoisse et la tension li\u00e9es au stress,<\/em><\/li><\/ul>\n\n\n\n<ul class=\"wp-block-list\"><li><em>Stimuler le syst\u00e8me immunitaire,<\/em><\/li><\/ul>\n\n\n\n<ul class=\"wp-block-list\"><li><em>Soulager les douleurs dorsales, jambes, bras, ventre et t\u00eate.<\/em><\/li><\/ul>\n\n\n\n<p><em>Conform\u00e9ment \u00e0 la loi du 30\/04\/1946 et du d\u00e9cret n\u00b0 60665 du 04\/07\/1960 et de l&rsquo;art. L489 et celui du 08\/10\/1996, ce soin ne peut en aucun cas \u00eatre assimil\u00e9 au massage m\u00e9dical ou de kin\u00e9sith\u00e9rapie,\u00a0 d\u00e9livr\u00e9 exclusivement par les masseurs kin\u00e9sith\u00e9rapeutes dipl\u00f4m\u00e9s d&rsquo;\u00e9tat, mais rel\u00e8ve exclusivement des techniques de bien-\u00eatre dans la relaxation physique et la d\u00e9tente, lib\u00e9ratrices de tout stress.<\/em><\/p>\n\n\n\n<p><\/p>\n","protected":false},"excerpt":{"rendered":"<p>D&rsquo;origine Japonaise. Etymologiquement le mot shiatsu vient de \u00ab\u00a0Shi\u00a0\u00bb les doigts et d&rsquo; \u00ab\u00a0Atsu\u00a0\u00bb la pression. Il est issu de l&rsquo;acuponcture. C\u2019est un travail sur &hellip;<\/p>\n","protected":false},"author":1,"featured_media":0,"parent":58,"menu_order":1,"comment_status":"closed","ping_status":"closed","template":"","meta":{"om_disable_all_campaigns":false,"_monsterinsights_skip_tracking":false,"_monsterinsights_sitenote_active":false,"_monsterinsights_sitenote_note":"","_monsterinsights_sitenote_category":0,"footnotes":""},"class_list":["post-97","page","type-page","status-publish","hentry"],"aioseo_notices":[],"_links":{"self":[{"href":"https:\/\/www.laurence-magnetisme.fr\/index.php\/wp-json\/wp\/v2\/pages\/97","targetHints":{"allow":["GET"]}}],"collection":[{"href":"https:\/\/www.laurence-magnetisme.fr\/index.php\/wp-json\/wp\/v2\/pages"}],"about":[{"href":"https:\/\/www.laurence-magnetisme.fr\/index.php\/wp-json\/wp\/v2\/types\/page"}],"author":[{"embeddable":true,"href":"https:\/\/www.laurence-magnetisme.fr\/index.php\/wp-json\/wp\/v2\/users\/1"}],"replies":[{"embeddable":true,"href":"https:\/\/www.laurence-magnetisme.fr\/index.php\/wp-json\/wp\/v2\/comments?post=97"}],"version-history":[{"count":1,"href":"https:\/\/www.laurence-magnetisme.fr\/index.php\/wp-json\/wp\/v2\/pages\/97\/revisions"}],"predecessor-version":[{"id":98,"href":"https:\/\/www.laurence-magnetisme.fr\/index.php\/wp-json\/wp\/v2\/pages\/97\/revisions\/98"}],"up":[{"embeddable":true,"href":"https:\/\/www.laurence-magnetisme.fr\/index.php\/wp-json\/wp\/v2\/pages\/58"}],"wp:attachment":[{"href":"https:\/\/www.laurence-magnetisme.fr\/index.php\/wp-json\/wp\/v2\/media?parent=97"}],"curies":[{"name":"wp","href":"https:\/\/api.w.org\/{rel}","templated":true}]}}