{"id":93,"date":"2022-07-10T16:54:48","date_gmt":"2022-07-10T14:54:48","guid":{"rendered":"http:\/\/www.laurence-magnetisme.fr\/?page_id=93"},"modified":"2022-08-01T11:26:46","modified_gmt":"2022-08-01T09:26:46","slug":"magnetisme-rebouteux","status":"publish","type":"page","link":"https:\/\/www.laurence-magnetisme.fr\/index.php\/soins\/magnetisme-rebouteux\/","title":{"rendered":"Magn\u00e9tisme \/ Rebouteux"},"content":{"rendered":"\n<p>Les magn\u00e9tiseurs sont des m\u00e9diums : milieu, interm\u00e9diaire. Nous sommes un canal, utilis\u00e9s comme interm\u00e9diaire entre les Esprits et les hommes. Nous fabriquons tous du magn\u00e9tisme pour faire fonctionner notre corps. Certaines personnes, comme moi, en fabriquons trop et nous devons nous d\u00e9charger pour se sentir bien. Alors, autant le transmettre \u00e0 ceux qui en ont besoin pour se sentir mieux ! Je vous donne de l&rsquo;\u00e9nergie positive et vous prends votre \u00e9nergie n\u00e9gative. Pas besoin d&rsquo;y croire pour que cela fonctionne.&nbsp;<\/p>\n\n\n\n<ul class=\"wp-block-list\"><li><strong><em>Soulager vos douleurs physiques<\/em><\/strong><\/li><li><strong><em>Tendons, muscles, ossature<\/em><\/strong><\/li><li><strong><em>Circulation du sang<\/em><\/strong><\/li><li><strong><em>R\u00e9\u00e9quilibrage des \u00e9nergies&nbsp;<\/em><\/strong><\/li><li><strong><em>Fatigue, stress, anxi\u00e9t\u00e9<\/em><\/strong><\/li><li><strong><em>Effets secondaires des chimioth\u00e9rapies<\/em><\/strong><\/li><li><strong><em>Liste non exhaustive.<\/em><\/strong><\/li><\/ul>\n\n\n\n<p><em>Les soins ne se substituent pas \u00e0 un traitement m\u00e9dical ou tout accompagnement m\u00e9dical classique.<\/em><\/p>\n\n\n\n<h2 class=\"wp-block-heading\">Magn\u00e9tiser des Bijoux et Bouteilles D&rsquo;eau<\/h2>\n\n\n\n<p>Je peux charger peux charger ou recharger vos bouteilles d&rsquo;eau, vos bijoux en pierre, cuivre ou magn\u00e9tique d\u00e9charg\u00e9s afin qu&rsquo;ils vous fasse \u00e0 nouveau du bien.ger ou recharger vos bouteilles d&rsquo;eau, vos bijoux en pierre, cuivre ou magn\u00e9tique d\u00e9charg\u00e9s afin qu&rsquo;ils vous fasse \u00e0 nouveau du bien.<\/p>\n\n\n\n<h2 class=\"wp-block-heading\">Magn\u00e9tiser des lieux<\/h2>\n\n\n\n<p>Votre terrain, appartement, maison, entreprise, ont un pass\u00e9 plus ou moins lourd. Vous vous sentez mal, un coin pr\u00e9cis peut vous angoisser, vous faire peur ou ne convient pas \u00e0 une personne de votre entourage. Vous avez l&rsquo;impression de n&rsquo;avoir que des probl\u00e8mes depuis que vous habitez dans ces murs. Je peux intervenir directement chez vous pour remettre du positif et r\u00e9\u00e9quilibrer les \u00e9nergies.&nbsp;<\/p>\n\n\n\n<h2 class=\"wp-block-heading\">Magn\u00e9tisme sur photo<\/h2>\n\n\n\n<p>En cas ou je ne peux pas venir jusqu&rsquo;\u00e0 vous, je peux faire un magn\u00e9tisme sur photo. Vous m&rsquo;envoyez une photo sur mon portable. Je vous envoie mon RIB sur votre portable pour un virement. Si vous pr\u00e9f\u00e9rez, vous pouvez m&rsquo;envoyer un ch\u00e8que \u00e0 l&rsquo;adresse que je vous indiquerai par texto. A l&rsquo;encaissement du ch\u00e8que ou du virement sur mon compte, je vous contacte pour prendre un rendez-vous afin que vous soyez au calme quand je commencerai \u00e0 magn\u00e9tiser. Pendant toute la dur\u00e9e du magn\u00e9tisme (de 45 \u00e0 60min), je vous envoie des textos sur mes ressentis ou nous restons au t\u00e9l\u00e9phone.<\/p>\n","protected":false},"excerpt":{"rendered":"<p>Les magn\u00e9tiseurs sont des m\u00e9diums : milieu, interm\u00e9diaire. Nous sommes un canal, utilis\u00e9s comme interm\u00e9diaire entre les Esprits et les hommes. Nous fabriquons tous du &hellip;<\/p>\n","protected":false},"author":1,"featured_media":0,"parent":58,"menu_order":0,"comment_status":"closed","ping_status":"closed","template":"","meta":{"om_disable_all_campaigns":false,"_monsterinsights_skip_tracking":false,"_monsterinsights_sitenote_active":false,"_monsterinsights_sitenote_note":"","_monsterinsights_sitenote_category":0,"footnotes":""},"class_list":["post-93","page","type-page","status-publish","hentry"],"aioseo_notices":[],"_links":{"self":[{"href":"https:\/\/www.laurence-magnetisme.fr\/index.php\/wp-json\/wp\/v2\/pages\/93","targetHints":{"allow":["GET"]}}],"collection":[{"href":"https:\/\/www.laurence-magnetisme.fr\/index.php\/wp-json\/wp\/v2\/pages"}],"about":[{"href":"https:\/\/www.laurence-magnetisme.fr\/index.php\/wp-json\/wp\/v2\/types\/page"}],"author":[{"embeddable":true,"href":"https:\/\/www.laurence-magnetisme.fr\/index.php\/wp-json\/wp\/v2\/users\/1"}],"replies":[{"embeddable":true,"href":"https:\/\/www.laurence-magnetisme.fr\/index.php\/wp-json\/wp\/v2\/comments?post=93"}],"version-history":[{"count":2,"href":"https:\/\/www.laurence-magnetisme.fr\/index.php\/wp-json\/wp\/v2\/pages\/93\/revisions"}],"predecessor-version":[{"id":124,"href":"https:\/\/www.laurence-magnetisme.fr\/index.php\/wp-json\/wp\/v2\/pages\/93\/revisions\/124"}],"up":[{"embeddable":true,"href":"https:\/\/www.laurence-magnetisme.fr\/index.php\/wp-json\/wp\/v2\/pages\/58"}],"wp:attachment":[{"href":"https:\/\/www.laurence-magnetisme.fr\/index.php\/wp-json\/wp\/v2\/media?parent=93"}],"curies":[{"name":"wp","href":"https:\/\/api.w.org\/{rel}","templated":true}]}}