{"id":70,"date":"2022-07-10T16:16:15","date_gmt":"2022-07-10T14:16:15","guid":{"rendered":"http:\/\/www.laurence-magnetisme.fr\/?page_id=70"},"modified":"2022-07-10T16:33:12","modified_gmt":"2022-07-10T14:33:12","slug":"tarifs","status":"publish","type":"page","link":"https:\/\/www.laurence-magnetisme.fr\/index.php\/tarifs\/","title":{"rendered":"Tarifs"},"content":{"rendered":"\n<figure class=\"wp-block-table\"><table><tbody><tr><td class=\"has-text-align-center\" data-align=\"center\"><\/td><td class=\"has-text-align-center\" data-align=\"center\">Soins \u00e9nerg\u00e9tiques, Magn\u00e9tisme, Rebouteux<\/td><td class=\"has-text-align-center\" data-align=\"center\">Shiatsu Magn\u00e9tis\u00e9<\/td><td class=\"has-text-align-center\" data-align=\"center\">Bien-Etre\u00a0personnalis\u00e9\u00a0:<br>psycho-\u00e9nergie, psychologie positive<\/td><td class=\"has-text-align-center\" data-align=\"center\">Voyance \/ Guidance<\/td><\/tr><tr><td class=\"has-text-align-center\" data-align=\"center\">30 minutes<\/td><td class=\"has-text-align-center\" data-align=\"center\"><strong>30 \u20ac<\/strong><\/td><td class=\"has-text-align-center\" data-align=\"center\">&#8211;<\/td><td class=\"has-text-align-center\" data-align=\"center\">&#8211;<\/td><td class=\"has-text-align-center\" data-align=\"center\"><strong>30 \u20ac<\/strong><\/td><\/tr><tr><td class=\"has-text-align-center\" data-align=\"center\">60 minutes<\/td><td class=\"has-text-align-center\" data-align=\"center\"><strong>50 \u20ac<\/strong><\/td><td class=\"has-text-align-center\" data-align=\"center\"><strong>55 \u20ac<\/strong><\/td><td class=\"has-text-align-center\" data-align=\"center\"><strong>50 \u20ac<\/strong><\/td><td class=\"has-text-align-center\" data-align=\"center\"><strong>50 \u20ac<\/strong><\/td><\/tr><tr><td class=\"has-text-align-center\" data-align=\"center\">90 minutes<\/td><td class=\"has-text-align-center\" data-align=\"center\">&#8211;<\/td><td class=\"has-text-align-center\" data-align=\"center\"><strong>75 \u20ac<\/strong><\/td><td class=\"has-text-align-center\" data-align=\"center\">&#8211;<\/td><td class=\"has-text-align-center\" data-align=\"center\">&#8211;<\/td><\/tr><\/tbody><\/table><\/figure>\n\n\n\n<h2 class=\"has-text-align-center wp-block-heading\">Concernant les <strong>Soins \u00e9nerg\u00e9tiques, Magn\u00e9tisme,<\/strong> <strong>Rebouteux<\/strong><\/h2>\n\n\n\n<p class=\"has-text-align-center\">Possibilit\u00e9 de : <\/p>\n\n\n\n<ul class=\"wp-block-list\"><li>Bijoux\/bouteille d&rsquo;eau &#8211; 30\u20ac<\/li><li>Lieux &#8211; 38\u20ac ( Premier entretien 50 \u20ac + frais de d\u00e9placement ou sur plan )<\/li><\/ul>\n\n\n\n<p><\/p>\n\n\n\n<p class=\"has-text-align-center\"><strong>D\u00e9placement\u00a0<\/strong><\/p>\n\n\n\n<p class=\"has-text-align-center\">Sur devis pour une voyance ou une guidance.<\/p>\n\n\n\n<p class=\"has-text-align-center\">Gratuit pour les autres prestation \u00e0 moins de 30 km.<\/p>\n","protected":false},"excerpt":{"rendered":"<p>Soins \u00e9nerg\u00e9tiques, Magn\u00e9tisme, Rebouteux Shiatsu Magn\u00e9tis\u00e9 Bien-Etre\u00a0personnalis\u00e9\u00a0:psycho-\u00e9nergie, psychologie positive Voyance \/ Guidance 30 minutes 30 \u20ac &#8211; &#8211; 30 \u20ac 60 minutes 50 \u20ac 55 &hellip;<\/p>\n","protected":false},"author":1,"featured_media":0,"parent":0,"menu_order":0,"comment_status":"closed","ping_status":"closed","template":"","meta":{"om_disable_all_campaigns":false,"_monsterinsights_skip_tracking":false,"_monsterinsights_sitenote_active":false,"_monsterinsights_sitenote_note":"","_monsterinsights_sitenote_category":0,"footnotes":""},"class_list":["post-70","page","type-page","status-publish","hentry"],"aioseo_notices":[],"_links":{"self":[{"href":"https:\/\/www.laurence-magnetisme.fr\/index.php\/wp-json\/wp\/v2\/pages\/70","targetHints":{"allow":["GET"]}}],"collection":[{"href":"https:\/\/www.laurence-magnetisme.fr\/index.php\/wp-json\/wp\/v2\/pages"}],"about":[{"href":"https:\/\/www.laurence-magnetisme.fr\/index.php\/wp-json\/wp\/v2\/types\/page"}],"author":[{"embeddable":true,"href":"https:\/\/www.laurence-magnetisme.fr\/index.php\/wp-json\/wp\/v2\/users\/1"}],"replies":[{"embeddable":true,"href":"https:\/\/www.laurence-magnetisme.fr\/index.php\/wp-json\/wp\/v2\/comments?post=70"}],"version-history":[{"count":3,"href":"https:\/\/www.laurence-magnetisme.fr\/index.php\/wp-json\/wp\/v2\/pages\/70\/revisions"}],"predecessor-version":[{"id":75,"href":"https:\/\/www.laurence-magnetisme.fr\/index.php\/wp-json\/wp\/v2\/pages\/70\/revisions\/75"}],"wp:attachment":[{"href":"https:\/\/www.laurence-magnetisme.fr\/index.php\/wp-json\/wp\/v2\/media?parent=70"}],"curies":[{"name":"wp","href":"https:\/\/api.w.org\/{rel}","templated":true}]}}