{"id":67,"date":"2022-07-10T16:11:54","date_gmt":"2022-07-10T14:11:54","guid":{"rendered":"http:\/\/www.laurence-magnetisme.fr\/?page_id=67"},"modified":"2022-09-20T15:18:03","modified_gmt":"2022-09-20T13:18:03","slug":"eveil-spirituel","status":"publish","type":"page","link":"https:\/\/www.laurence-magnetisme.fr\/index.php\/eveil-spirituel\/","title":{"rendered":"Eveil Spirituel"},"content":{"rendered":"\n<h2 class=\"wp-block-heading\">Mini-conf\u00e9rences \u00e0 domicile<\/h2>\n\n\n\n<p>Je vous propose une r\u00e9union avec vos ami-e-s, 5 personnes minimum, pour parler sur le th\u00e8me de votre choix : \u00e9veil spirituel, karma &#8230; Je vous parle de ce que je sais. Les guides interviennent en direct. Ensuite je r\u00e9ponde \u00e0 vos questions.<\/p>\n\n\n\n<p>Pour des questions plus personnel, je pr\u00e9f\u00e8re voir la personne individuellement chez elle ou par t\u00e9l\u00e9phone.<\/p>\n\n\n\n<p><\/p>\n\n\n\n<h2 class=\"wp-block-heading\">Eveil spirituel<\/h2>\n\n\n\n<p>Vous ressentez les choses. Vous avez besoin de r\u00e9ponses \u00e0 vos questions. Vous savez que vous avez des capacit\u00e9s mais vous avez un doute. Vous voulez plus d&rsquo;explication. Nous pouvons pass\u00e9 un moment ensemble, chez vous ou par t\u00e9l\u00e9phone avec votre photo, et, avec mes guides et les v\u00f4tres, je r\u00e9pondrais \u00e0 vos questions, enl\u00e8verais vos doutes.<\/p>\n","protected":false},"excerpt":{"rendered":"<p>Mini-conf\u00e9rences \u00e0 domicile Je vous propose une r\u00e9union avec vos ami-e-s, 5 personnes minimum, pour parler sur le th\u00e8me de votre choix : \u00e9veil spirituel, &hellip;<\/p>\n","protected":false},"author":1,"featured_media":0,"parent":0,"menu_order":0,"comment_status":"closed","ping_status":"closed","template":"","meta":{"om_disable_all_campaigns":false,"_monsterinsights_skip_tracking":false,"_monsterinsights_sitenote_active":false,"_monsterinsights_sitenote_note":"","_monsterinsights_sitenote_category":0,"footnotes":""},"class_list":["post-67","page","type-page","status-publish","hentry"],"aioseo_notices":[],"_links":{"self":[{"href":"https:\/\/www.laurence-magnetisme.fr\/index.php\/wp-json\/wp\/v2\/pages\/67","targetHints":{"allow":["GET"]}}],"collection":[{"href":"https:\/\/www.laurence-magnetisme.fr\/index.php\/wp-json\/wp\/v2\/pages"}],"about":[{"href":"https:\/\/www.laurence-magnetisme.fr\/index.php\/wp-json\/wp\/v2\/types\/page"}],"author":[{"embeddable":true,"href":"https:\/\/www.laurence-magnetisme.fr\/index.php\/wp-json\/wp\/v2\/users\/1"}],"replies":[{"embeddable":true,"href":"https:\/\/www.laurence-magnetisme.fr\/index.php\/wp-json\/wp\/v2\/comments?post=67"}],"version-history":[{"count":2,"href":"https:\/\/www.laurence-magnetisme.fr\/index.php\/wp-json\/wp\/v2\/pages\/67\/revisions"}],"predecessor-version":[{"id":119,"href":"https:\/\/www.laurence-magnetisme.fr\/index.php\/wp-json\/wp\/v2\/pages\/67\/revisions\/119"}],"wp:attachment":[{"href":"https:\/\/www.laurence-magnetisme.fr\/index.php\/wp-json\/wp\/v2\/media?parent=67"}],"curies":[{"name":"wp","href":"https:\/\/api.w.org\/{rel}","templated":true}]}}