{"id":65,"date":"2022-07-10T16:09:18","date_gmt":"2022-07-10T14:09:18","guid":{"rendered":"http:\/\/www.laurence-magnetisme.fr\/?page_id=65"},"modified":"2022-07-10T16:09:18","modified_gmt":"2022-07-10T14:09:18","slug":"lecoute","status":"publish","type":"page","link":"https:\/\/www.laurence-magnetisme.fr\/index.php\/lecoute\/","title":{"rendered":"L&rsquo;\u00e9coute"},"content":{"rendered":"\n<h2 class=\"wp-block-heading\">La Parole \/ L&rsquo;\u00e9coute<\/h2>\n\n\n\n<p>Nous vivons dans une \u00e9poque stressante sans trop savoir o\u00f9 nous allons. Nous avons tous besoin de parler mais pas forc\u00e9ment \u00e0 la famille ou une oreille amie, mais \u00e0 quelqu&rsquo;un qui pourra \u00e9couter et donner une r\u00e9ponse pour vous faire r\u00e9fl\u00e9chir, voir le probl\u00e8me sous un autre angle et avancer.<\/p>\n\n\n\n<p><\/p>\n\n\n\n<h2 class=\"wp-block-heading\">Psychologie Positive<\/h2>\n\n\n\n<p>Face \u00e0 face, tranquille, pendant une heure, nous allons dialoguer, vous moi et \u00e9ventuellement avec mon pendule, nous pouvons prendre un probl\u00e8me et le d\u00e9cortiquer, l&rsquo;all\u00e9ger afin de le rendre plus vivable. Ensuite rendre la vie plus positive, la voir autrement.<\/p>\n\n\n\n<p>Il est possible de le faire par t\u00e9l\u00e9phone. Il suffit de m&rsquo;envoyer par texto une photo.&nbsp;<\/p>\n\n\n\n<p><\/p>\n\n\n\n<h2 class=\"wp-block-heading\">Psycho-Energie<\/h2>\n\n\n\n<p>Pour aller plus loin dans la parole, je vous propose de vous allonger sur votre canap\u00e9 ou sur votre lit, je magn\u00e9tise l&rsquo;estomac (le journal intime) et nous parlons des probl\u00e8mes pass\u00e9s, pr\u00e9sent afin de les r\u00e9soudre.<\/p>\n\n\n\n<p>\u200b<\/p>\n\n\n\n<p>Il est possible de le faire par t\u00e9l\u00e9phone. Il suffit de m&rsquo;envoyer par texto une photo.&nbsp;<\/p>\n\n\n\n<p><\/p>\n\n\n\n<h2 class=\"wp-block-heading\">Voyance \/ Guidance<\/h2>\n\n\n\n<p>J&rsquo;ai le double don : magn\u00e9tiseuse et voyance. C&rsquo;est la m\u00eame racine : m\u00e9dium. Je re\u00e7ois les messages que je vous retransmets (guidance). Je m&rsquo;aide du Tarot de Marseille et de mon pendule. Nous pouvons ainsi passer 1h et r\u00e9pondre \u00e0 toutes vos questions.&nbsp;<\/p>\n\n\n\n<p>Je peux aussi le faire par t\u00e9l\u00e9phone ou par textos. J&rsquo;ai seulement besoin de votre photo. Contactez moi pour plus d&rsquo;informations.<\/p>\n\n\n\n<p><strong><em>Pour prendre un rendez vous ou pour obtenir des informations appeler le:&nbsp;06 10 52 94 54<\/em><\/strong><\/p>\n","protected":false},"excerpt":{"rendered":"<p>La Parole \/ L&rsquo;\u00e9coute Nous vivons dans une \u00e9poque stressante sans trop savoir o\u00f9 nous allons. Nous avons tous besoin de parler mais pas forc\u00e9ment &hellip;<\/p>\n","protected":false},"author":1,"featured_media":0,"parent":0,"menu_order":0,"comment_status":"closed","ping_status":"closed","template":"","meta":{"om_disable_all_campaigns":false,"_monsterinsights_skip_tracking":false,"_monsterinsights_sitenote_active":false,"_monsterinsights_sitenote_note":"","_monsterinsights_sitenote_category":0,"footnotes":""},"class_list":["post-65","page","type-page","status-publish","hentry"],"aioseo_notices":[],"_links":{"self":[{"href":"https:\/\/www.laurence-magnetisme.fr\/index.php\/wp-json\/wp\/v2\/pages\/65","targetHints":{"allow":["GET"]}}],"collection":[{"href":"https:\/\/www.laurence-magnetisme.fr\/index.php\/wp-json\/wp\/v2\/pages"}],"about":[{"href":"https:\/\/www.laurence-magnetisme.fr\/index.php\/wp-json\/wp\/v2\/types\/page"}],"author":[{"embeddable":true,"href":"https:\/\/www.laurence-magnetisme.fr\/index.php\/wp-json\/wp\/v2\/users\/1"}],"replies":[{"embeddable":true,"href":"https:\/\/www.laurence-magnetisme.fr\/index.php\/wp-json\/wp\/v2\/comments?post=65"}],"version-history":[{"count":1,"href":"https:\/\/www.laurence-magnetisme.fr\/index.php\/wp-json\/wp\/v2\/pages\/65\/revisions"}],"predecessor-version":[{"id":66,"href":"https:\/\/www.laurence-magnetisme.fr\/index.php\/wp-json\/wp\/v2\/pages\/65\/revisions\/66"}],"wp:attachment":[{"href":"https:\/\/www.laurence-magnetisme.fr\/index.php\/wp-json\/wp\/v2\/media?parent=65"}],"curies":[{"name":"wp","href":"https:\/\/api.w.org\/{rel}","templated":true}]}}