{"id":58,"date":"2022-07-10T16:03:16","date_gmt":"2022-07-10T14:03:16","guid":{"rendered":"http:\/\/www.laurence-magnetisme.fr\/?page_id=58"},"modified":"2022-07-10T17:00:00","modified_gmt":"2022-07-10T15:00:00","slug":"soins","status":"publish","type":"page","link":"https:\/\/www.laurence-magnetisme.fr\/index.php\/soins\/","title":{"rendered":"Soins"},"content":{"rendered":"\n<h2 class=\"wp-block-heading\">Magn\u00e9tisme et soins \u00e9nerg\u00e9tiques<\/h2>\n\n\n\n<p>Les magn\u00e9tiseurs sont des m\u00e9diums : milieu, interm\u00e9diaire. Nous sommes un canal et comme interm\u00e9diaire entre les Esprits et les hommes. Nous fabriquons tous du magn\u00e9tisme pour faire fonctionner notre corps. Certaines personnes, comme moi, en fabriquons trop et nous devons nous d\u00e9charger pour se sentir bien. Alors, autant le transmettre \u00e0 ceux qui en ont besoin pour se sentir mieux ! Je vous donne de l&rsquo;\u00e9nergie positive et vous prends votre \u00e9nergie n\u00e9gative. Pas besoin d&rsquo;y croire pour que cela fonctionne.&nbsp;<\/p>\n\n\n\n<p><em>Cela correspond \u00e0:<\/em><\/p>\n\n\n\n<ul class=\"wp-block-list\"><li><em>Soulager vos douleurs physiques<\/em><\/li><li><em>Tendons, muscles, os<\/em><\/li><li><em>Circulation du sang<\/em><\/li><li><em>R\u00e9\u00e9quilibrage des \u00e9nergies&nbsp;<\/em><\/li><li><em>Fatigue, stress, anxi\u00e9t\u00e9<\/em><\/li><li><em>Effets secondaires des chimioth\u00e9rapies<\/em><\/li><\/ul>\n\n\n\n<div class=\"wp-block-buttons is-content-justification-right is-layout-flex wp-container-core-buttons-is-layout-765c4724 wp-block-buttons-is-layout-flex\">\n<div class=\"wp-block-button\"><a class=\"wp-block-button__link\" href=\"http:\/\/www.laurence-magnetisme.fr\/index.php\/magnetisme-rebouteux\/\">En savoir plus<\/a><\/div>\n<\/div>\n\n\n\n<p><\/p>\n\n\n\n<h2 class=\"wp-block-heading\">Shiatsu<\/h2>\n\n\n\n<p>D&rsquo;origine Japonaise. Etymologiquement le mot shiatsu vient de \u00ab\u00a0Shi\u00a0\u00bb les doigts et d&rsquo; \u00ab\u00a0Atsu\u00a0\u00bb la pression. Il est issu de l&rsquo;acuponcture. C\u2019est un travail sur les m\u00e9ridiens par acupressions. Le Shiatsu magn\u00e9tis\u00e9 permet de lutter efficacement contre tous les maux de la vie quotidienne. Il procure une relaxation physique et psychique profonde. Il conjugue pour cela harmonieusement le plaisir de recevoir au b\u00e9n\u00e9fice d&rsquo;un r\u00e9\u00e9quilibrage \u00e9nerg\u00e9tique complet.<\/p>\n\n\n\n<p>Ainsi, il aide par son approche globale \u00e0 :<\/p>\n\n\n\n<ul class=\"wp-block-list\"><li><em>Augmenter les niveaux d&rsquo;\u00e9nergie,<\/em><\/li><li><em>Soulager l&rsquo;angoisse et la tension li\u00e9es au stress,<\/em><\/li><li><em>Stimuler le syst\u00e8me immunitaire,<\/em><\/li><li><em>Soulager les douleurs dorsales, jambes, bras, ventre et t\u00eate.<\/em><\/li><\/ul>\n\n\n\n<div class=\"wp-block-buttons is-content-justification-right is-layout-flex wp-container-core-buttons-is-layout-765c4724 wp-block-buttons-is-layout-flex\">\n<div class=\"wp-block-button\"><a class=\"wp-block-button__link\" href=\"http:\/\/www.laurence-magnetisme.fr\/index.php\/shiatsu\/\">En savoir plus<\/a><\/div>\n<\/div>\n","protected":false},"excerpt":{"rendered":"<p>Magn\u00e9tisme et soins \u00e9nerg\u00e9tiques Les magn\u00e9tiseurs sont des m\u00e9diums : milieu, interm\u00e9diaire. Nous sommes un canal et comme interm\u00e9diaire entre les Esprits et les hommes. &hellip;<\/p>\n","protected":false},"author":1,"featured_media":0,"parent":0,"menu_order":0,"comment_status":"closed","ping_status":"closed","template":"","meta":{"om_disable_all_campaigns":false,"_monsterinsights_skip_tracking":false,"_monsterinsights_sitenote_active":false,"_monsterinsights_sitenote_note":"","_monsterinsights_sitenote_category":0,"footnotes":""},"class_list":["post-58","page","type-page","status-publish","hentry"],"aioseo_notices":[],"_links":{"self":[{"href":"https:\/\/www.laurence-magnetisme.fr\/index.php\/wp-json\/wp\/v2\/pages\/58","targetHints":{"allow":["GET"]}}],"collection":[{"href":"https:\/\/www.laurence-magnetisme.fr\/index.php\/wp-json\/wp\/v2\/pages"}],"about":[{"href":"https:\/\/www.laurence-magnetisme.fr\/index.php\/wp-json\/wp\/v2\/types\/page"}],"author":[{"embeddable":true,"href":"https:\/\/www.laurence-magnetisme.fr\/index.php\/wp-json\/wp\/v2\/users\/1"}],"replies":[{"embeddable":true,"href":"https:\/\/www.laurence-magnetisme.fr\/index.php\/wp-json\/wp\/v2\/comments?post=58"}],"version-history":[{"count":4,"href":"https:\/\/www.laurence-magnetisme.fr\/index.php\/wp-json\/wp\/v2\/pages\/58\/revisions"}],"predecessor-version":[{"id":99,"href":"https:\/\/www.laurence-magnetisme.fr\/index.php\/wp-json\/wp\/v2\/pages\/58\/revisions\/99"}],"wp:attachment":[{"href":"https:\/\/www.laurence-magnetisme.fr\/index.php\/wp-json\/wp\/v2\/media?parent=58"}],"curies":[{"name":"wp","href":"https:\/\/api.w.org\/{rel}","templated":true}]}}