{"id":47,"date":"2022-07-07T21:53:34","date_gmt":"2022-07-07T19:53:34","guid":{"rendered":"http:\/\/www.laurence-magnetisme.fr\/?page_id=47"},"modified":"2022-07-10T16:41:33","modified_gmt":"2022-07-10T14:41:33","slug":"qui-suis-je","status":"publish","type":"page","link":"https:\/\/www.laurence-magnetisme.fr\/index.php\/qui-suis-je\/","title":{"rendered":"Qui suis-je ?"},"content":{"rendered":"\n<h2 class=\"wp-block-heading\">Laurence Cegarra<\/h2>\n\n\n<div class=\"wp-block-image\">\n<figure class=\"alignright size-full\"><img loading=\"lazy\" decoding=\"async\" width=\"270\" height=\"280\" src=\"http:\/\/www.laurence-magnetisme.fr\/wp-content\/uploads\/2022\/07\/i282600889649818227__szw1280h1280_.webp\" alt=\"\" class=\"wp-image-83\"\/><\/figure>\n<\/div>\n\n\n<p>Je suis magn\u00e9tiseuse et rebouteuse. Mon don a \u00e9t\u00e9 d\u00e9couvert \u00e0 l&rsquo;\u00e2ge de 9 ans. Je pratique en professionnelle depuis 2012. <\/p>\n\n\n\n<p>Pour aller plus loin dans la relaxation et le bien-\u00eatre, j&rsquo;ai suivi des formations Ayurv\u00e9dique et Shiatsu. <\/p>\n\n\n\n<p>Vous atteindrez un \u00e9tat de qui\u00e9tude pouvant se prolonger durant plusieurs jours. <\/p>\n\n\n\n<p>Je peux vous faire oublier, le temps d&rsquo;une s\u00e9ance, tous vos maux et votre stress quotidien.<\/p>\n\n\n\n<p><\/p>\n\n\n\n<h2 class=\"wp-block-heading\">Mes services<\/h2>\n\n\n\n<p>Je fais des soins \u00e0 domicile ou sur photo. Plus besoin de vous d\u00e9placer, de d\u00e9penser de l&rsquo;essence, apr\u00e8s votre travail ou quand vous \u00eates en week-end ou dans la journ\u00e9e, tranquillement chez vous.<\/p>\n\n\n\n<p>Les soins peuvent se faire sur une chaise, sur votre canap\u00e9 ou sur votre lit, suivant vos besoins et le plus pratique.\u00a0<\/p>\n\n\n\n<p>Avec les soins \u00e9nerg\u00e9tiques :<\/p>\n\n\n\n<ul class=\"wp-block-list\"><li>magn\u00e9tisme : \u00a0je vous enl\u00e8ve l&rsquo;\u00e9nergie n\u00e9gative pour la remplacer par de l&rsquo;\u00e9nergie positive. Vos douleurs s&rsquo;att\u00e9nuent et disparaissent. Suivant le probl\u00e8mes, une ou plusieurs s\u00e9ances seront n\u00e9cessaires car le soins \u00e0 l&rsquo;int\u00e9rieur de corps se fait tout en douceur.<\/li><li>\u00a0rebouteux : sans douleur je remets les nerfs, tendons et os en place.<\/li><\/ul>\n\n\n\n<p>Je m&rsquo;occupe aussi bien de votre corps que de votre mental avec la psycho-\u00e9nergie, psychologie positive.<\/p>\n\n\n\n<p>Je d\u00e9noue vos n\u0153uds \u00e9nerg\u00e9tiques avec le shiatsu.<\/p>\n","protected":false},"excerpt":{"rendered":"<p>Laurence Cegarra Je suis magn\u00e9tiseuse et rebouteuse. Mon don a \u00e9t\u00e9 d\u00e9couvert \u00e0 l&rsquo;\u00e2ge de 9 ans. Je pratique en professionnelle depuis 2012. Pour aller &hellip;<\/p>\n","protected":false},"author":1,"featured_media":0,"parent":0,"menu_order":0,"comment_status":"closed","ping_status":"closed","template":"","meta":{"om_disable_all_campaigns":false,"_monsterinsights_skip_tracking":false,"_monsterinsights_sitenote_active":false,"_monsterinsights_sitenote_note":"","_monsterinsights_sitenote_category":0,"footnotes":""},"class_list":["post-47","page","type-page","status-publish","hentry"],"aioseo_notices":[],"_links":{"self":[{"href":"https:\/\/www.laurence-magnetisme.fr\/index.php\/wp-json\/wp\/v2\/pages\/47","targetHints":{"allow":["GET"]}}],"collection":[{"href":"https:\/\/www.laurence-magnetisme.fr\/index.php\/wp-json\/wp\/v2\/pages"}],"about":[{"href":"https:\/\/www.laurence-magnetisme.fr\/index.php\/wp-json\/wp\/v2\/types\/page"}],"author":[{"embeddable":true,"href":"https:\/\/www.laurence-magnetisme.fr\/index.php\/wp-json\/wp\/v2\/users\/1"}],"replies":[{"embeddable":true,"href":"https:\/\/www.laurence-magnetisme.fr\/index.php\/wp-json\/wp\/v2\/comments?post=47"}],"version-history":[{"count":8,"href":"https:\/\/www.laurence-magnetisme.fr\/index.php\/wp-json\/wp\/v2\/pages\/47\/revisions"}],"predecessor-version":[{"id":85,"href":"https:\/\/www.laurence-magnetisme.fr\/index.php\/wp-json\/wp\/v2\/pages\/47\/revisions\/85"}],"wp:attachment":[{"href":"https:\/\/www.laurence-magnetisme.fr\/index.php\/wp-json\/wp\/v2\/media?parent=47"}],"curies":[{"name":"wp","href":"https:\/\/api.w.org\/{rel}","templated":true}]}}